{"id":96,"date":"2019-04-03T20:40:31","date_gmt":"2019-04-03T20:40:31","guid":{"rendered":"http:\/\/saadata.com\/?page_id=96"},"modified":"2025-08-12T10:22:31","modified_gmt":"2025-08-12T10:22:31","slug":"institutions","status":"publish","type":"page","link":"https:\/\/saadata.com\/?page_id=96","title":{"rendered":""},"content":{"rendered":"\n<h2 class=\"wp-block-heading\">Education &amp; Institutions<\/h2>\n\n\n\n<p><span style=\"background-color:rgba(0, 0, 0, 0)\" class=\"has-inline-color has-accent-dark-color\"><strong>From 07\/2021<\/strong> <\/span>Profesor Titular (Equiv. Associate Professor), <em>Department of Applied Physics, <\/em>Universitat Polit\u00e8cnica de Val\u00e8ncia, Spain.<\/p>\n\n\n\n<hr class=\"wp-block-separator has-css-opacity is-style-wide\"\/>\n\n\n\n<p><span style=\"background-color:rgba(0, 0, 0, 0)\" class=\"has-inline-color has-accent-dark-color\"><strong>9\/01\/2018 \u2013 23\/09\/2021<\/strong><\/span> Ph.D. in Applied Mathematics, Polytechnic University of Valencia, Spain. Topic: Physical-mathematical modelling and computer simulations to guide the design and fabrication of plasmonic nanostructures optimized for energy applications. Supervisors: Prof. Ovidio Pe\u00f1a Rodr\u00edguez, Prof. Pedro Fern\u00e1ndez de C\u00f3rdoba. <br><em>Related articles in journals of the field:<\/em><br>&#8211; Formation of Hollow Gold Nanocrystals by Nanosecond Laser Irradiation, G. Gonz\u00e1lez-Rubio, T. Milagres de Oliveira, W. Albrecht, P. D\u00edaz-N\u00fa\u00f1ez, J. C. Castro-Palacio, A. Prada, R. I. Gonzalez, L. Scarabelli, L. Banares, A. Rivera, L. M. Liz-Marz\u00e1n, O. Pe\u00f1a-Rodr\u00edguez, S. Bals, A. Guerrero-Mart\u00ednez., <a rel=\"noreferrer noopener\" href=\"https:\/\/pubs.acs.org\/doi\/10.1021\/acs.jpclett.9b03574\" target=\"_blank\">J. Phys. Chem. Lett. 2020, 11, 670\u2212677<\/a>.<br>&#8211; Hollow Gold Nanoparticles Produced by Femtosecond Laser Irradiation, J. C. Castro-Palacio, K. Ladutenko, A. Prada, G. Gonz\u00e1lez-Rubio, P. D\u00edaz-N\u00fa\u00f1ez, A. Guerrero-Mart\u00ednez, P. Fern\u00e1ndez de C\u00f3rdoba, J. Kohanoff, J. M. Perlado, O. Pe\u00f1a-Rodr\u00edguez, and A. Rivera, <a rel=\"noreferrer noopener\" href=\"https:\/\/pubs.acs.org\/doi\/abs\/10.1021\/acs.jpclett.0c01233\" target=\"_blank\">J. Phys. Chem. Lett. 2020, 11, 5108-5114<\/a>.<\/p>\n\n\n\n<hr class=\"wp-block-separator has-css-opacity is-style-wide\"\/>\n\n\n\n<p><strong><span class=\"has-inline-color has-fg-dark-color\"><strong>09\/<\/strong>2020<\/span> &#8211; 07\/2021<\/strong>  Profesor Ayudante Doctor (Equiv. Assistant Professor), <em>Department of Electrical Engineering, Electronics, Automation, and Applied Physics<\/em>, Technical University of Madrid, Spain.<\/p>\n\n\n\n<p><strong>05\/2018 \u2013 08\/2019 <\/strong> Senior Researcher <em>at the group of Materials<\/em>,  Institute of Nuclear Fusion, ETSII, Universidad Polit\u00e9cnica de Madrid (Technical University of Madrid). Topic: <em>Modeling and simulation of plasmonic nanostructures upon irradiation with short laser pulses.<\/em><\/p>\n\n\n\n<p><strong>04\/2015 \u2013 05\/2018<\/strong> Research Associate <em>at Prof. Velisa Vesovic\u2019s group<\/em>, Department of Earth Sciences and Engineering, Royal School of Mines, Imperial College London, UK. Topic: <em>First principle calculations of transport properties for pure gases and mixtures at very low pressure within the framework of kinetic theory.<\/em><\/p>\n\n\n\n<p><strong>01\/2013 \u2013 04\/2015<\/strong> Research Assistant <em>at Prof. Markus Meuwly\u2019s group<\/em>, Department of Chemistry, University of Basel, Switzerland. Topic:<em> Reactive collisions of few-body systems at very low and very high temperatures.<\/em><\/p>\n\n\n\n<p><span style=\"background-color:rgba(0, 0, 0, 0)\" class=\"has-inline-color has-fg-dark-color\"><em>Between 09\/2002 and 09\/2012<\/em> <\/span>\u2013 Professor of General Physics for Engineering at <em>the Department of Physics<\/em>, University of Pinar del R\u00edo, Cuba.<\/p>\n\n\n\n<p><strong>11\/2007 \u2013 01\/2009<\/strong> Research Assistant <em>at Prof. Koichi Yamashita\u2019s group<\/em>, Department of Chemical Systems Engineering, Graduate School of Engineering, the University of Tokyo, Japan. Topics: <em>Silicon-silicon oxide interfaces , ab initio  calculations of Xe,Ar,Kr-NO(X,Sigma) interactions, and photo-induced processes in rare gas solids.<\/em><\/p>\n\n\n\n<hr class=\"wp-block-separator has-css-opacity is-style-wide\"\/>\n\n\n\n<p><strong><span class=\"has-inline-color has-accent-dark-color\">09\/2003 \u2013 09\/2007<\/span> <\/strong>Ph.D. in Physics, Higher Institute of Technologies and Applied Sciences (InSTEC), Havana. (Ph.D. officially recognised by the Polytechnic University of Valencia, Spain). Topic: <em>Modelling and simulation of the structural relaxation of  NO-doped kryton and xenon solids upon Rydberg photoexcitation of NO impurity<\/em>. Supervisor: Prof. Jes\u00fas Rubayo Soneira. <br><em>Related articles in journals of the field:<\/em><br>&#8211; Study of the structural photoinduced dynamics of a solid Kr matrix with an NO impurity, <em><a rel=\"noreferrer noopener\" href=\"https:\/\/epjd.epj.org\/articles\/epjd\/abs\/2003\/09\/d02337\/d02337.html\" target=\"_blank\">Eur. Phys. J. D. 25 2 (2003) 149<\/a>; <\/em><br>&#8211; NO in Kr and Xe solids: Molecular dynamics and normal mode analysis, <em><a rel=\"noreferrer noopener\" href=\"https:\/\/www.sciencedirect.com\/science\/article\/abs\/pii\/S0166128005005464\" target=\"_blank\">J. Mol. Struct. (Theochem) 730 (1), 255 (2005)<\/a>; <\/em><br>&#8211; Dynamics of structural relaxation upon Rydberg excitation of an NO impurity in rare gas solid matrices, <em><a rel=\"noreferrer noopener\" href=\"https:\/\/onlinelibrary.wiley.com\/doi\/abs\/10.1002\/pssb.200461784\" target=\"_blank\">Phys. Stat. Solidi B 242 (2005) 1747<\/a>; <\/em><br>&#8211; Normal and hyperspherical mode analysis of NO-doped Kr crystals upon Rydberg excitation of the impurity, <em><a rel=\"noreferrer noopener\" href=\"https:\/\/aip.scitation.org\/doi\/10.1063\/1.2730786\" target=\"_blank\">J.Chem.Phys. 126, 174701 (2007)<\/a>; <\/em><br>&#8211; Ab initio ground and excited state potential energy surfaces for NO\u2013Kr complex and dynamics of Kr solids with NO impurity, <em><a rel=\"noreferrer noopener\" href=\"https:\/\/aip.scitation.org\/doi\/abs\/10.1063\/1.2715947?journalCode=jcp\" target=\"_blank\">J. Chem. Phys. 126 (2007) 134315<\/a>;<\/em><br><em> &#8211; Molecular Dynamics Simulations and Hyperspherical Mode Analysis of NO in Kr Crystals With the Use of Ab Initio Potential Energy Surfaces for the Kr-NO Complex<\/em>, <em><a rel=\"noreferrer noopener\" href=\"https:\/\/onlinelibrary.wiley.com\/doi\/10.1002\/qua.21620\" target=\"_blank\">Int. J Quantum Chem, 108 (10), 1821 (2008).<\/a><\/em><\/p>\n\n\n\n<p><em>Research periods in other universities during my PhD: <\/em><span class=\"has-inline-color has-accent-dark-color\">(1)<\/span> <em>Prof. Eli Pollak\u2019s group<\/em>, Weizmann Institute of Sciences, Israel, from Sep. 2004 to Jan. 2005; and <span class=\"has-inline-color has-accent-dark-color\">(2)<\/span> <em>Prof. Vincenzo Aquilanti\u2019s group<\/em>,  Chemistry Department. University of Perugia, Italy, 2006.<br><em>International summer schools: <\/em><span class=\"has-inline-color has-accent-dark-color\">(1)<\/span> Summer School \u201cParallelization of Algorithms in Physics\u201d. Trest, Czech Republic, September 2002; <span class=\"has-inline-color has-accent-dark-color\">(2)<\/span> Summer School \u201cChaos and Stability in Planetary Systems\u201d, Helmholtz Institute for Supercomputational Physics, University of Potsdam, Germany, September 2003; and <span class=\"has-inline-color has-accent-dark-color\">(3)<\/span> Summer School \u201cTheoretical and Computational Methods in Meso, Bio and Nano-science\u201d, Frankfurt Institute for Advanced Studies, University of Frankfurt, July 2006.<\/p>\n\n\n\n<hr class=\"wp-block-separator has-css-opacity is-style-wide\"\/>\n\n\n\n<p><strong><span class=\"has-inline-color has-accent-dark-color\">09\/2001 \u2013 07\/2003 <\/span><\/strong>M.Sc. in Nuclear Physics, Higher Institute of Technologies and Applied Sciences (InSTEC), Havana.<\/p>\n\n\n\n<p><span style=\"background-color:rgba(0, 0, 0, 0)\" class=\"has-inline-color has-accent-dark-color\"><strong>09\/1995 \u2013 07\/2000<\/strong> <\/span>B.Sc. in Nuclear Physics, Institute of Nuclear Sciences and Technology (ISCTN), Havana. (B.Sc. in Physics officially recognised by the Ministry of Education of Spain).<\/p>\n","protected":false},"excerpt":{"rendered":"<p>Education &amp; Institutions From 07\/2021 Profesor Titular (Equiv. Associate Professor), Department of Applied Physics, Universitat Polit\u00e8cnica de Val\u00e8ncia, Spain. 9\/01\/2018 \u2013 23\/09\/2021 Ph.D. in Applied Mathematics, Polytechnic University of Valencia, Spain. Topic: Physical-mathematical modelling and computer simulations to guide the design and fabrication of plasmonic nanostructures optimized for energy applications. Supervisors: Prof. Ovidio Pe\u00f1a Rodr\u00edguez,&hellip;<\/p>\n<div><a class=\"excerpt-more button\" href=\"https:\/\/saadata.com\/?page_id=96\">Read more <span class=\"screen-reader-text\"> <\/span><span class=\"meta-nav\" aria-hidden=\"true\"> &rarr;<\/span><\/a><\/div>\n","protected":false},"author":1,"featured_media":0,"parent":0,"menu_order":0,"comment_status":"closed","ping_status":"closed","template":"","meta":{"footnotes":""},"class_list":["post-96","page","type-page","status-publish","hentry"],"_links":{"self":[{"href":"https:\/\/saadata.com\/index.php?rest_route=\/wp\/v2\/pages\/96","targetHints":{"allow":["GET"]}}],"collection":[{"href":"https:\/\/saadata.com\/index.php?rest_route=\/wp\/v2\/pages"}],"about":[{"href":"https:\/\/saadata.com\/index.php?rest_route=\/wp\/v2\/types\/page"}],"author":[{"embeddable":true,"href":"https:\/\/saadata.com\/index.php?rest_route=\/wp\/v2\/users\/1"}],"replies":[{"embeddable":true,"href":"https:\/\/saadata.com\/index.php?rest_route=%2Fwp%2Fv2%2Fcomments&post=96"}],"version-history":[{"count":73,"href":"https:\/\/saadata.com\/index.php?rest_route=\/wp\/v2\/pages\/96\/revisions"}],"predecessor-version":[{"id":1184,"href":"https:\/\/saadata.com\/index.php?rest_route=\/wp\/v2\/pages\/96\/revisions\/1184"}],"wp:attachment":[{"href":"https:\/\/saadata.com\/index.php?rest_route=%2Fwp%2Fv2%2Fmedia&parent=96"}],"curies":[{"name":"wp","href":"https:\/\/api.w.org\/{rel}","templated":true}]}}