{"id":46,"date":"2019-04-03T19:14:40","date_gmt":"2019-04-03T19:14:40","guid":{"rendered":"http:\/\/saadata.com\/?page_id=46"},"modified":"2025-08-12T11:34:51","modified_gmt":"2025-08-12T11:34:51","slug":"popular-physics","status":"publish","type":"page","link":"https:\/\/saadata.com\/?page_id=46","title":{"rendered":""},"content":{"rendered":"\n<h4 class=\"wp-block-heading\"><\/h4>\n\n\n\n<p><\/p>\n\n\n\n<p><strong>Dr. Juan Carlos Castro Palacio<\/strong><br>Profesor Titular (Equiv. Associate Professor)<\/p>\n\n\n\n<p><em>Departamento de F\u00edsica Aplicada<\/em><br><em>Centro de Tecnolog\u00edas F\u00edsicas<\/em><br>Universitat Polit\u00e8cnica de Val\u00e8ncia<br><em>Camino de Vera, s\/n, 46022 Val\u00e8ncia, Spain<\/em><\/p>\n\n\n\n<p>Email: juancas@upvnet.upv.es <\/p>\n","protected":false},"excerpt":{"rendered":"<p>Dr. Juan Carlos Castro PalacioProfesor Titular (Equiv. Associate Professor) Departamento de F\u00edsica AplicadaCentro de Tecnolog\u00edas F\u00edsicasUniversitat Polit\u00e8cnica de Val\u00e8nciaCamino de Vera, s\/n, 46022 Val\u00e8ncia, Spain Email: juancas@upvnet.upv.es<\/p>\n","protected":false},"author":1,"featured_media":0,"parent":0,"menu_order":0,"comment_status":"closed","ping_status":"closed","template":"","meta":{"footnotes":""},"class_list":["post-46","page","type-page","status-publish","hentry"],"_links":{"self":[{"href":"https:\/\/saadata.com\/index.php?rest_route=\/wp\/v2\/pages\/46","targetHints":{"allow":["GET"]}}],"collection":[{"href":"https:\/\/saadata.com\/index.php?rest_route=\/wp\/v2\/pages"}],"about":[{"href":"https:\/\/saadata.com\/index.php?rest_route=\/wp\/v2\/types\/page"}],"author":[{"embeddable":true,"href":"https:\/\/saadata.com\/index.php?rest_route=\/wp\/v2\/users\/1"}],"replies":[{"embeddable":true,"href":"https:\/\/saadata.com\/index.php?rest_route=%2Fwp%2Fv2%2Fcomments&post=46"}],"version-history":[{"count":38,"href":"https:\/\/saadata.com\/index.php?rest_route=\/wp\/v2\/pages\/46\/revisions"}],"predecessor-version":[{"id":1222,"href":"https:\/\/saadata.com\/index.php?rest_route=\/wp\/v2\/pages\/46\/revisions\/1222"}],"wp:attachment":[{"href":"https:\/\/saadata.com\/index.php?rest_route=%2Fwp%2Fv2%2Fmedia&parent=46"}],"curies":[{"name":"wp","href":"https:\/\/api.w.org\/{rel}","templated":true}]}}