{"id":111,"date":"2019-04-03T20:55:23","date_gmt":"2019-04-03T20:55:23","guid":{"rendered":"http:\/\/saadata.com\/?page_id=111"},"modified":"2026-04-20T09:53:20","modified_gmt":"2026-04-20T09:53:20","slug":"cv-juan-carlos-castro-palacio","status":"publish","type":"page","link":"https:\/\/saadata.com\/","title":{"rendered":""},"content":{"rendered":"\n<h2 class=\"wp-block-heading\">Dr. Juan Carlos Castro-Palacio<\/h2>\n\n\n\n<p>Profesor Titular (Equiv. Associate Professor)<em> <\/em>(<em>Physics<\/em>)<br>Department of Applied Physics, Center of Physical Technologies<br>Universitat Polit\u00e8cnica de Val\u00e8ncia, Spain<\/p>\n\n\n\n<blockquote class=\"wp-block-quote is-layout-flow wp-block-quote-is-layout-flow\">\n<p>Atomistic dynamics in gas and condensed phases (theoretical and computational).<\/p>\n<\/blockquote>\n\n\n\n<p>Some related institutions: <br><em>Institute of Nuclear Sciences and Technology (Havana) (BSc &amp; PhD), Weizmann Institute of Sciences (Israel) (2005), University of Tokyo (2007-2009), University of Basel (Switzerland) (2013-2015),  Imperial College London (2015-2018), Technical University of Madrid (2018-2019, 2020-2021).<\/em><\/p>\n\n\n\n<p>Email: juancas@upvnet.upv.es<\/p>\n\n\n\n<div class=\"wp-block-group\"><div class=\"wp-block-group__inner-container is-layout-flow wp-block-group-is-layout-flow\"><\/div><\/div>\n\n\n\n<p>&nbsp;&nbsp;&nbsp;&nbsp;&nbsp;&nbsp;&nbsp;&nbsp;&nbsp;&nbsp;&nbsp;    <\/p>\n\n\n\n<h4 class=\"wp-block-heading\">___________________________________________________________________<\/h4>\n\n\n\n<h4 class=\"wp-block-heading\">Latest<\/h4>\n\n\n\n<p>Academic visit to Florida International University (April, 2026).<\/p>\n\n\n\n<p>Research stay with Prof. Ricardo Grau&#8217;s group at Queen Mary University of London (January\u2013April 2026).<\/p>\n\n\n\n<p>Research stay with Prof. Georg Held&#8217;s group at the <em>Diamond Light Source<\/em> synchrotron (UK), conducted in close collaboration with Prof. Ricardo Grau&#8217;s group at Queen Mary University of London (January\u2013July 2025).<\/p>\n\n\n\n<p>Article: <a rel=\"noreferrer noopener\" href=\"https:\/\/doi.org\/10.1088\/1402-4896\/addf1c\" data-type=\"link\" data-id=\"https:\/\/doi.org\/10.1088\/1402-4896\/addf1c\" target=\"_blank\">Cavity formation dynamics in gold nanoparticles (10\u201350 nm) upon femtosecond laser irradiation<\/a><br>B. Khammar, F. Fern\u00e1ndez-Lima, P. Fern\u00e1ndez de C\u00f3rdoba, J. A. Monsoriu, and J. C. Castro-Palacio<br>Phys. Scr. 100, 075920, 2025.<\/p>\n\n\n\n<p>Article: <a rel=\"noreferrer noopener\" href=\"https:\/\/doi.org\/10.3390\/sym17071039\" data-type=\"link\" data-id=\"https:\/\/doi.org\/10.3390\/sym17071039\" target=\"_blank\">Non-Centered Chi Distributions as Models for Fair Assessment in Sports Performance<\/a><br>D. Puig-Castro, A. Coronado-Ferrer, J. C. Castro-Palacio, P. Fern\u00e1ndez-de-C\u00f3rdoba, N. Ortigosa, and E. A. S\u00e1nchez-P\u00e9rez<br>Symmetry 17, 1039, 2025.<\/p>\n\n\n\n<p>Oral contribution at the Summer Meeting 2024 of the American Association of Physics Teachers (AAPT), July 6-11, 2024, Boston, MA.<\/p>\n\n\n\n<p>Article: <a rel=\"noreferrer noopener\" href=\"https:\/\/doi.org\/10.1119\/5.0142064\" target=\"_blank\">A Wireless Li-Fi-Based Signal Generator and Its Use in a Series RC Circuit<\/a><br>F. M. Mu\u00f1oz-P\u00e9rez et al.<br>1 September 2024 in The Physics Teacher.<\/p>\n\n\n\n<p><span style=\"color: #000000;\"><em>Award for Innovative Activity in Scientific Communication and Dissemination<\/em><\/span> by Universitat Polit\u00e8cnica de Val\u00e8ncia, Spain (October 2022). (As a member of the team that received the award).<\/p>\n\n\n\n<p><em>Appointed Profesor Titular (Equiv. Associate Professor) at the Department of Applied Physics, Universitat Polit\u00e8cnica de Val\u00e8ncia, Spain (July 2021).<\/em><\/p>\n\n\n\n<p><em>Interview with Physics magazine (Americal Physical Society) to talk about &#8220;Smartphones in Physics teaching&#8221; (Date: 6-4-2020). A fragment was included in the following article:<\/em><em><br><\/em><a href=\"https:\/\/physics.aps.org\/articles\/v13\/68\">https:\/\/physics.aps.org\/articles\/v13\/68<\/a><\/p>\n\n\n\n<p><em>Prize for the Best Physics Teaching Article published in the journal of the Royal Physical Society of Spain in 2018.<\/em><em><br><\/em><a href=\"https:\/\/rsef.es\/images\/Fisica\/FalloJuradoPdeF_2019.pdf\">https:\/\/rsef.es\/images\/Fisica\/FalloJuradoPdeF_2019.pdf<\/a>&nbsp;&nbsp; (page 5)<\/p>\n","protected":false},"excerpt":{"rendered":"<p>Dr. Juan Carlos Castro-Palacio Profesor Titular (Equiv. Associate Professor) (Physics)Department of Applied Physics, Center of Physical TechnologiesUniversitat Polit\u00e8cnica de Val\u00e8ncia, Spain Atomistic dynamics in gas and condensed phases (theoretical and computational). Some related institutions: Institute of Nuclear Sciences and Technology (Havana) (BSc &amp; PhD), Weizmann Institute of Sciences (Israel) (2005), University of Tokyo (2007-2009), University&hellip;<\/p>\n<div><a class=\"excerpt-more button\" href=\"https:\/\/saadata.com\/\">Read more <span class=\"screen-reader-text\"> <\/span><span class=\"meta-nav\" aria-hidden=\"true\"> &rarr;<\/span><\/a><\/div>\n","protected":false},"author":1,"featured_media":0,"parent":0,"menu_order":0,"comment_status":"closed","ping_status":"closed","template":"","meta":{"footnotes":""},"class_list":["post-111","page","type-page","status-publish","hentry"],"_links":{"self":[{"href":"https:\/\/saadata.com\/index.php?rest_route=\/wp\/v2\/pages\/111","targetHints":{"allow":["GET"]}}],"collection":[{"href":"https:\/\/saadata.com\/index.php?rest_route=\/wp\/v2\/pages"}],"about":[{"href":"https:\/\/saadata.com\/index.php?rest_route=\/wp\/v2\/types\/page"}],"author":[{"embeddable":true,"href":"https:\/\/saadata.com\/index.php?rest_route=\/wp\/v2\/users\/1"}],"replies":[{"embeddable":true,"href":"https:\/\/saadata.com\/index.php?rest_route=%2Fwp%2Fv2%2Fcomments&post=111"}],"version-history":[{"count":214,"href":"https:\/\/saadata.com\/index.php?rest_route=\/wp\/v2\/pages\/111\/revisions"}],"predecessor-version":[{"id":1293,"href":"https:\/\/saadata.com\/index.php?rest_route=\/wp\/v2\/pages\/111\/revisions\/1293"}],"wp:attachment":[{"href":"https:\/\/saadata.com\/index.php?rest_route=%2Fwp%2Fv2%2Fmedia&parent=111"}],"curies":[{"name":"wp","href":"https:\/\/api.w.org\/{rel}","templated":true}]}}